{"id":1447,"date":"2024-07-27T21:56:50","date_gmt":"2024-07-27T19:56:50","guid":{"rendered":"https:\/\/www.nandykudry.eu\/produkt\/book-zaklady-kartovych-kuziel-in-slovak-language\/"},"modified":"2025-11-14T13:16:17","modified_gmt":"2025-11-14T12:16:17","slug":"book-zaklady-kartovych-kuziel-in-slovak-language","status":"publish","type":"product","link":"https:\/\/www.nandykudry.eu\/en\/produkt\/book-zaklady-kartovych-kuziel-in-slovak-language\/","title":{"rendered":"Book Z\u00e1klady Kartov\u00fdch K\u00faziel (In Slovak Language)"},"content":{"rendered":"<p><b><b><b><b>In this book, you will learn how to properly handle cards, how to shuffle, cut, or spread them, whether on the table or in your hands.<\/b><\/b><\/b><\/b> <b>You can also learn the basic techniques that form the core foundation of all magic, which are essential for progressing further.<\/b> The book also includes scripts\/scenarios for each trick, giving you inspiration to create your own version of the trick. In addition to the basics, you will also learn about mathematical principles and fundamental tricks that some of the best magicians still perform today.<\/p>\n<p>The book is supplemented with interesting facts related to the topics it covers, as well as a theoretical section focused on how to practice tricks and how to learn them correctly. The book also teaches you how to properly write a script for your tricks, allowing you to achieve the best possible effect for your audience.<\/p>\n<p>Over 450 illustrations will help you understand each step, enabling you to learn more than 30 tricks that are explained in detail in the book. The entire book is written to help you progress creatively while also giving a glimpse behind the curtain of the secrets of card magic.<\/p>\n","protected":false},"excerpt":{"rendered":"<p>In this book, you will learn how to properly handle cards, how to shuffle, cut, or spread them, whether on the table or in your hands. You can also learn the basic techniques that form the core foundation of all magic, which are essential for progressing further. The book also includes scripts\/scenarios for each trick, [&hellip;]<\/p>\n","protected":false},"featured_media":1444,"template":"","meta":{"_acf_changed":false},"product_brand":[],"product_cat":[38],"product_tag":[],"class_list":{"0":"post-1447","1":"product","2":"type-product","3":"status-publish","4":"has-post-thumbnail","6":"product_cat-all-products","8":"first","9":"instock","10":"shipping-taxable","11":"purchasable","12":"product-type-simple"},"acf":[],"yoast_head":"<!-- This site is optimized with the Yoast SEO plugin v27.2 - https:\/\/yoast.com\/product\/yoast-seo-wordpress\/ -->\n<title>Book Z\u00e1klady Kartov\u00fdch K\u00faziel (In Slovak Language) - Nandy Kudry | Magician<\/title>\n<meta name=\"description\" content=\"More than 450 illustrations will help you understand each step to learn more than 30 tricks that are explained in detail.\" \/>\n<meta name=\"robots\" content=\"index, follow, max-snippet:-1, max-image-preview:large, max-video-preview:-1\" \/>\n<link rel=\"canonical\" href=\"https:\/\/www.nandykudry.eu\/en\/produkt\/book-zaklady-kartovych-kuziel-in-slovak-language\/\" \/>\n<meta property=\"og:locale\" content=\"en_US\" \/>\n<meta property=\"og:type\" content=\"article\" \/>\n<meta property=\"og:title\" content=\"Book Z\u00e1klady Kartov\u00fdch K\u00faziel (In Slovak Language) - Nandy Kudry | Magician\" \/>\n<meta property=\"og:description\" content=\"More than 450 illustrations will help you understand each step to learn more than 30 tricks that are explained in detail.\" \/>\n<meta property=\"og:url\" content=\"https:\/\/www.nandykudry.eu\/en\/produkt\/book-zaklady-kartovych-kuziel-in-slovak-language\/\" \/>\n<meta property=\"og:site_name\" content=\"Nandy Kudry | Magician\" \/>\n<meta property=\"article:modified_time\" content=\"2025-11-14T12:16:17+00:00\" \/>\n<meta property=\"og:image\" content=\"https:\/\/www.nandykudry.eu\/wp-content\/uploads\/2024\/07\/MERCH-STRANKA-1.webp\" \/>\n\t<meta property=\"og:image:width\" content=\"1080\" \/>\n\t<meta property=\"og:image:height\" content=\"1080\" \/>\n\t<meta property=\"og:image:type\" content=\"image\/webp\" \/>\n<meta name=\"twitter:card\" content=\"summary_large_image\" \/>\n<meta name=\"twitter:label1\" content=\"Est. reading time\" \/>\n\t<meta name=\"twitter:data1\" content=\"1 minute\" \/>\n<script type=\"application\/ld+json\" class=\"yoast-schema-graph\">{\"@context\":\"https:\/\/schema.org\",\"@graph\":[{\"@type\":\"WebPage\",\"@id\":\"https:\/\/www.nandykudry.eu\/en\/produkt\/book-zaklady-kartovych-kuziel-in-slovak-language\/\",\"url\":\"https:\/\/www.nandykudry.eu\/en\/produkt\/book-zaklady-kartovych-kuziel-in-slovak-language\/\",\"name\":\"Book Z\u00e1klady Kartov\u00fdch K\u00faziel (In Slovak Language) - Nandy Kudry | Magician\",\"isPartOf\":{\"@id\":\"https:\/\/www.nandykudry.eu\/en\/#website\"},\"primaryImageOfPage\":{\"@id\":\"https:\/\/www.nandykudry.eu\/en\/produkt\/book-zaklady-kartovych-kuziel-in-slovak-language\/#primaryimage\"},\"image\":{\"@id\":\"https:\/\/www.nandykudry.eu\/en\/produkt\/book-zaklady-kartovych-kuziel-in-slovak-language\/#primaryimage\"},\"thumbnailUrl\":\"https:\/\/www.nandykudry.eu\/wp-content\/uploads\/2024\/07\/MERCH-STRANKA-1.webp\",\"datePublished\":\"2024-07-27T19:56:50+00:00\",\"dateModified\":\"2025-11-14T12:16:17+00:00\",\"description\":\"More than 450 illustrations will help you understand each step to learn more than 30 tricks that are explained in detail.\",\"breadcrumb\":{\"@id\":\"https:\/\/www.nandykudry.eu\/en\/produkt\/book-zaklady-kartovych-kuziel-in-slovak-language\/#breadcrumb\"},\"inLanguage\":\"en-US\",\"potentialAction\":[{\"@type\":\"ReadAction\",\"target\":[\"https:\/\/www.nandykudry.eu\/en\/produkt\/book-zaklady-kartovych-kuziel-in-slovak-language\/\"]}]},{\"@type\":\"ImageObject\",\"inLanguage\":\"en-US\",\"@id\":\"https:\/\/www.nandykudry.eu\/en\/produkt\/book-zaklady-kartovych-kuziel-in-slovak-language\/#primaryimage\",\"url\":\"https:\/\/www.nandykudry.eu\/wp-content\/uploads\/2024\/07\/MERCH-STRANKA-1.webp\",\"contentUrl\":\"https:\/\/www.nandykudry.eu\/wp-content\/uploads\/2024\/07\/MERCH-STRANKA-1.webp\",\"width\":1080,\"height\":1080},{\"@type\":\"BreadcrumbList\",\"@id\":\"https:\/\/www.nandykudry.eu\/en\/produkt\/book-zaklady-kartovych-kuziel-in-slovak-language\/#breadcrumb\",\"itemListElement\":[{\"@type\":\"ListItem\",\"position\":1,\"name\":\"Domovsk\u00e1 str\u00e1nka\",\"item\":\"https:\/\/www.nandykudry.eu\/en\/magician\/\"},{\"@type\":\"ListItem\",\"position\":2,\"name\":\"E-shop\",\"item\":\"https:\/\/www.nandykudry.eu\/en\/shop\/\"},{\"@type\":\"ListItem\",\"position\":3,\"name\":\"Book Z\u00e1klady Kartov\u00fdch K\u00faziel (In Slovak Language)\"}]},{\"@type\":\"WebSite\",\"@id\":\"https:\/\/www.nandykudry.eu\/en\/#website\",\"url\":\"https:\/\/www.nandykudry.eu\/en\/\",\"name\":\"Nandy Kudry | Magician\",\"description\":\"\",\"publisher\":{\"@id\":\"https:\/\/www.nandykudry.eu\/en\/#\/schema\/person\/02b0d78fedf364e89a4146acebc92011\"},\"potentialAction\":[{\"@type\":\"SearchAction\",\"target\":{\"@type\":\"EntryPoint\",\"urlTemplate\":\"https:\/\/www.nandykudry.eu\/en\/?s={search_term_string}\"},\"query-input\":{\"@type\":\"PropertyValueSpecification\",\"valueRequired\":true,\"valueName\":\"search_term_string\"}}],\"inLanguage\":\"en-US\"},{\"@type\":[\"Person\",\"Organization\"],\"@id\":\"https:\/\/www.nandykudry.eu\/en\/#\/schema\/person\/02b0d78fedf364e89a4146acebc92011\",\"name\":\"Nandy Kudry\",\"image\":{\"@type\":\"ImageObject\",\"inLanguage\":\"en-US\",\"@id\":\"https:\/\/www.nandykudry.eu\/wp-content\/uploads\/2024\/03\/B06A2295-scaled.jpg\",\"url\":\"https:\/\/www.nandykudry.eu\/wp-content\/uploads\/2024\/03\/B06A2295-scaled.jpg\",\"contentUrl\":\"https:\/\/www.nandykudry.eu\/wp-content\/uploads\/2024\/03\/B06A2295-scaled.jpg\",\"width\":1706,\"height\":2560,\"caption\":\"Nandy Kudry\"},\"logo\":{\"@id\":\"https:\/\/www.nandykudry.eu\/wp-content\/uploads\/2024\/03\/B06A2295-scaled.jpg\"}}]}<\/script>\n<!-- \/ Yoast SEO plugin. -->","yoast_head_json":{"title":"Book Z\u00e1klady Kartov\u00fdch K\u00faziel (In Slovak Language) - Nandy Kudry | Magician","description":"More than 450 illustrations will help you understand each step to learn more than 30 tricks that are explained in detail.","robots":{"index":"index","follow":"follow","max-snippet":"max-snippet:-1","max-image-preview":"max-image-preview:large","max-video-preview":"max-video-preview:-1"},"canonical":"https:\/\/www.nandykudry.eu\/en\/produkt\/book-zaklady-kartovych-kuziel-in-slovak-language\/","og_locale":"en_US","og_type":"article","og_title":"Book Z\u00e1klady Kartov\u00fdch K\u00faziel (In Slovak Language) - Nandy Kudry | Magician","og_description":"More than 450 illustrations will help you understand each step to learn more than 30 tricks that are explained in detail.","og_url":"https:\/\/www.nandykudry.eu\/en\/produkt\/book-zaklady-kartovych-kuziel-in-slovak-language\/","og_site_name":"Nandy Kudry | Magician","article_modified_time":"2025-11-14T12:16:17+00:00","og_image":[{"width":1080,"height":1080,"url":"https:\/\/www.nandykudry.eu\/wp-content\/uploads\/2024\/07\/MERCH-STRANKA-1.webp","type":"image\/webp"}],"twitter_card":"summary_large_image","twitter_misc":{"Est. reading time":"1 minute"},"schema":{"@context":"https:\/\/schema.org","@graph":[{"@type":"WebPage","@id":"https:\/\/www.nandykudry.eu\/en\/produkt\/book-zaklady-kartovych-kuziel-in-slovak-language\/","url":"https:\/\/www.nandykudry.eu\/en\/produkt\/book-zaklady-kartovych-kuziel-in-slovak-language\/","name":"Book Z\u00e1klady Kartov\u00fdch K\u00faziel (In Slovak Language) - Nandy Kudry | Magician","isPartOf":{"@id":"https:\/\/www.nandykudry.eu\/en\/#website"},"primaryImageOfPage":{"@id":"https:\/\/www.nandykudry.eu\/en\/produkt\/book-zaklady-kartovych-kuziel-in-slovak-language\/#primaryimage"},"image":{"@id":"https:\/\/www.nandykudry.eu\/en\/produkt\/book-zaklady-kartovych-kuziel-in-slovak-language\/#primaryimage"},"thumbnailUrl":"https:\/\/www.nandykudry.eu\/wp-content\/uploads\/2024\/07\/MERCH-STRANKA-1.webp","datePublished":"2024-07-27T19:56:50+00:00","dateModified":"2025-11-14T12:16:17+00:00","description":"More than 450 illustrations will help you understand each step to learn more than 30 tricks that are explained in detail.","breadcrumb":{"@id":"https:\/\/www.nandykudry.eu\/en\/produkt\/book-zaklady-kartovych-kuziel-in-slovak-language\/#breadcrumb"},"inLanguage":"en-US","potentialAction":[{"@type":"ReadAction","target":["https:\/\/www.nandykudry.eu\/en\/produkt\/book-zaklady-kartovych-kuziel-in-slovak-language\/"]}]},{"@type":"ImageObject","inLanguage":"en-US","@id":"https:\/\/www.nandykudry.eu\/en\/produkt\/book-zaklady-kartovych-kuziel-in-slovak-language\/#primaryimage","url":"https:\/\/www.nandykudry.eu\/wp-content\/uploads\/2024\/07\/MERCH-STRANKA-1.webp","contentUrl":"https:\/\/www.nandykudry.eu\/wp-content\/uploads\/2024\/07\/MERCH-STRANKA-1.webp","width":1080,"height":1080},{"@type":"BreadcrumbList","@id":"https:\/\/www.nandykudry.eu\/en\/produkt\/book-zaklady-kartovych-kuziel-in-slovak-language\/#breadcrumb","itemListElement":[{"@type":"ListItem","position":1,"name":"Domovsk\u00e1 str\u00e1nka","item":"https:\/\/www.nandykudry.eu\/en\/magician\/"},{"@type":"ListItem","position":2,"name":"E-shop","item":"https:\/\/www.nandykudry.eu\/en\/shop\/"},{"@type":"ListItem","position":3,"name":"Book Z\u00e1klady Kartov\u00fdch K\u00faziel (In Slovak Language)"}]},{"@type":"WebSite","@id":"https:\/\/www.nandykudry.eu\/en\/#website","url":"https:\/\/www.nandykudry.eu\/en\/","name":"Nandy Kudry | Magician","description":"","publisher":{"@id":"https:\/\/www.nandykudry.eu\/en\/#\/schema\/person\/02b0d78fedf364e89a4146acebc92011"},"potentialAction":[{"@type":"SearchAction","target":{"@type":"EntryPoint","urlTemplate":"https:\/\/www.nandykudry.eu\/en\/?s={search_term_string}"},"query-input":{"@type":"PropertyValueSpecification","valueRequired":true,"valueName":"search_term_string"}}],"inLanguage":"en-US"},{"@type":["Person","Organization"],"@id":"https:\/\/www.nandykudry.eu\/en\/#\/schema\/person\/02b0d78fedf364e89a4146acebc92011","name":"Nandy Kudry","image":{"@type":"ImageObject","inLanguage":"en-US","@id":"https:\/\/www.nandykudry.eu\/wp-content\/uploads\/2024\/03\/B06A2295-scaled.jpg","url":"https:\/\/www.nandykudry.eu\/wp-content\/uploads\/2024\/03\/B06A2295-scaled.jpg","contentUrl":"https:\/\/www.nandykudry.eu\/wp-content\/uploads\/2024\/03\/B06A2295-scaled.jpg","width":1706,"height":2560,"caption":"Nandy Kudry"},"logo":{"@id":"https:\/\/www.nandykudry.eu\/wp-content\/uploads\/2024\/03\/B06A2295-scaled.jpg"}}]}},"_links":{"self":[{"href":"https:\/\/www.nandykudry.eu\/en\/wp-json\/wp\/v2\/product\/1447","targetHints":{"allow":["GET"]}}],"collection":[{"href":"https:\/\/www.nandykudry.eu\/en\/wp-json\/wp\/v2\/product"}],"about":[{"href":"https:\/\/www.nandykudry.eu\/en\/wp-json\/wp\/v2\/types\/product"}],"wp:featuredmedia":[{"embeddable":true,"href":"https:\/\/www.nandykudry.eu\/en\/wp-json\/wp\/v2\/media\/1444"}],"wp:attachment":[{"href":"https:\/\/www.nandykudry.eu\/en\/wp-json\/wp\/v2\/media?parent=1447"}],"wp:term":[{"taxonomy":"product_brand","embeddable":true,"href":"https:\/\/www.nandykudry.eu\/en\/wp-json\/wp\/v2\/product_brand?post=1447"},{"taxonomy":"product_cat","embeddable":true,"href":"https:\/\/www.nandykudry.eu\/en\/wp-json\/wp\/v2\/product_cat?post=1447"},{"taxonomy":"product_tag","embeddable":true,"href":"https:\/\/www.nandykudry.eu\/en\/wp-json\/wp\/v2\/product_tag?post=1447"}],"curies":[{"name":"wp","href":"https:\/\/api.w.org\/{rel}","templated":true}]}}